{"id":9399,"date":"2020-12-29T10:00:07","date_gmt":"2020-12-29T10:00:07","guid":{"rendered":"https:\/\/cambermarine.com\/humphree-espana\/"},"modified":"2025-07-21T11:05:00","modified_gmt":"2025-07-21T09:05:00","slug":"humphree-spain","status":"publish","type":"page","link":"https:\/\/cambermarine.com\/en\/humphree-spain\/","title":{"rendered":"Humphree"},"content":{"rendered":"<div class=\"wpb-content-wrapper\"><p>[vc_row][vc_column][vc_raw_html css=&#8221;&#8221;]JTNDZGl2JTIwY2xhc3MlM0QlMjJia2ctZ2xvYmFsJTIyJTIwc3R5bGUlM0QlMjJiYWNrZ3JvdW5kLWltYWdlJTNBbGluZWFyLWdyYWRpZW50JTI4MTgwZGVnJTJDJTIwJTIzMDAwMDAwMzAlMkMlMjB0cmFuc3BhcmVudCUyOSUyQyUyMHVybCUyOGh0dHBzJTNBJTJGJTJGY2FtYmVybWFyaW5lLmNvbSUyRndwLWNvbnRlbnQlMkZ1cGxvYWRzJTJGMjAyNSUyRjA3JTJGTWFuZ3VzdGEtMTMwLUJlYWNoaG91c2UtZTE3NTMwODgzNzcyNDMuanBnJTI5JTNCJTIwYmFja2dyb3VuZC1wb3NpdGlvbi15JTNBYm90dG9tJTNCJTIyJTNFJTBBJTNDZGl2JTIwY2xhc3MlM0QlMjJia2ctY29udGVudCUyMiUzRSUwQSUzQ2ltZyUyMGxvYWRpbmclM0QlMjJsYXp5JTIyJTIwY2xhc3MlM0QlMjJzaXplLW1lZGl1bSUyMHdwLWltYWdlLTU3OTMlMjBhbGlnbmxlZnQlMjIlMjB0aXRsZSUzRCUyMmh1bXBocmVlJTIwd2hpdGUlMjIlMjBzcmMlM0QlMjIlMkZ3cC1jb250ZW50JTJGdXBsb2FkcyUyRjIwMjElMkYwNCUyRmh1bXBocmVlLWxvZ28tcGFnZS1jYW1iZXItbWFyaW5lLnBuZyUyMiUyMGFsdCUzRCUyMmh1bXBocmVlJTIwZXN0YWJpbGl6YWRvcmVzJTIwbmF1dGljb3MlMkMlMjBjYW1iZXIlMjBtYXJpbmUlMjIlMjB3aWR0aCUzRCUyMjE2MiUyMiUyMGhlaWdodCUzRCUyMjY3JTIyJTNFJTBBJTNDaDElMjBjbGFzcyUzRCUyMmJrZy10aXRsZSUyMiUzRUh1bXBocmVlJTIwRXNwYSVDMyVCMWElM0ElM0MlMkZiciUzRUVsJTIwbWVqb3IlMjBlc3RhYmlsaXphZG9yJTIwZW4lMjBlbCUyMG1hciUzQyUyRmgxJTNFJTBBJTNDJTJGZGl2JTNFJTBBJTNDJTJGZGl2JTNF[\/vc_raw_html][\/vc_column][\/vc_row][vc_row row_type=&#8221;row_full_center_content&#8221; bg_color=&#8221;#4e4f53&#8243; class=&#8221;block_deschump&#8221;][vc_column width=&#8221;1\/2&#8243;][vc_column_text]<\/p>\n<div class=\"div_somos-white\">\n<h2><span style=\"color: #ffffff;\"><strong>Distribuidores oficiales de Humphree en Espa\u00f1a<\/strong><\/span><\/h2>\n<div class=\"underline_dist\"><\/div>\n<\/div>\n<p>[\/vc_column_text][vc_column_text]<span style=\"color: #ffffff;\">En Camber Marine somos el Distribuidor Oficial Autorizado de Humphree a nivel nacional.<\/span><\/p>\n<p><span style=\"color: #ffffff;\">La firma sueca de estabilizadores marca la diferencia en el mar desde hace m\u00e1s de 15 a\u00f1os. Gracias a la experiencia de sus ingenieros navales, Humphree ha desarrollado sistemas de estabilizaci\u00f3n de calidad superior que permiten a los usuarios ir por delante de la competencia y hacer su experiencia de navegaci\u00f3n lo m\u00e1s segura y c\u00f3moda posible.<\/span><\/p>\n<p><span style=\"color: #ffffff;\">Si busca reducir los movimientos de balanceo y cabeceo, optimizar el rendimiento, reducir el consumo de combustible y giros m\u00e1s confortables, est\u00e1 buscando Humphree.<\/span>[\/vc_column_text][vc_empty_space height=&#8221;10px&#8221;][\/vc_column][vc_column width=&#8221;1\/2&#8243;][vc_single_image image=&#8221;7049&#8243; img_size=&#8221;604&#215;404&#8243; alignment=&#8221;center&#8221;][\/vc_column][\/vc_row][vc_row row_type=&#8221;row_full_center_content&#8221; class=&#8221;block_deschump&#8221;][vc_column width=&#8221;1\/2&#8243;][vc_column_text]<\/p>\n<div class=\"div_somos\">\n<h2><strong>Humphree: la forma m\u00e1s eficiente de estabilizar su embarcaci\u00f3n<br \/>\n<\/strong><\/h2>\n<div class=\"underline_dist\"><\/div>\n<\/div>\n<p>[\/vc_column_text][vc_column_text]Cuando uno sale a navegar, lo que desea es una experiencia agradable en el mar. <strong>Y los sistemas de estabilizaci\u00f3n Humphree proporcionan un confort inigualable para vivir esta experiencia.<\/strong><\/p>\n<p>Los interceptores y aletas son los protagonistas en Humphree Espa\u00f1a. Estos sistemas<strong> ofrecen unas caracter\u00edsticas de estabilidad, rendimiento y fiabilidad sin precedentes<\/strong>. Tanto las aletas como los interceptores, fabricados con materiales innovadores, permiten una comodidad total reduciendo el cabeceo y balanceo del barco.<\/p>\n<p><strong>Olv\u00eddese del mareo, descubra la excelente experiencia en el mar.<\/strong>[\/vc_column_text][vc_empty_space height=&#8221;10px&#8221;][\/vc_column][vc_column width=&#8221;1\/2&#8243;][vc_single_image image=&#8221;15841&#8243; img_size=&#8221;603&#215;404&#8243; css=&#8221;&#8221;][\/vc_column][\/vc_row][vc_row row_type=&#8221;row_full_center_content&#8221; bg_color=&#8221;#4d4e53&#8243; class=&#8221;block_deschump&#8221;][vc_column][vc_column_text]<\/p>\n<div class=\"div_somos-white\">\n<h2><strong>Ventajas:<\/strong><\/h2>\n<\/div>\n<div class=\"underline_dist\"><\/div>\n<p>[\/vc_column_text][vc_empty_space height=&#8221;&#8221;][\/vc_column][vc_column width=&#8221;1\/4&#8243;][vc_column_text]<\/p>\n<p style=\"text-align: center;\"><img loading=\"lazy\" decoding=\"async\" class=\"size-full wp-image-6329 aligncenter\" title=\"Humphree Espa\u00f1a\" src=\"\/wp-content\/uploads\/2021\/04\/icono-menos-ruido-camber-marine.png\" alt=\"Humphree Espa\u00f1a\" width=\"68\" height=\"64\" \/><br \/>\n<span class=\"ventajas_titles\">Menos ruido, menos desgaste y ahorro en combustible<\/span>[\/vc_column_text][vc_empty_space height=&#8221;0px&#8221;][\/vc_column][vc_column width=&#8221;1\/4&#8243;][vc_column_text]<\/p>\n<p style=\"text-align: center;\"><img loading=\"lazy\" decoding=\"async\" class=\"size-full wp-image-6329 aligncenter\" title=\"Humphree Espa\u00f1a Beneficios\" src=\"\/wp-content\/uploads\/2021\/04\/icono-velocidades-camber-marine.png\" alt=\"Humphree Espa\u00f1a Beneficios\" width=\"68\" height=\"64\" \/><br \/>\n<span class=\"ventajas_titles\">Estabilizaci\u00f3n a todas velocidades<\/span>[\/vc_column_text][\/vc_column][vc_column width=&#8221;1\/4&#8243;][vc_column_text]<\/p>\n<p style=\"text-align: center;\"><img loading=\"lazy\" decoding=\"async\" class=\"size-full wp-image-6329 aligncenter\" title=\"Humphree Espa\u00f1a Caracter\u00edsticas\" src=\"\/wp-content\/uploads\/2021\/04\/Desplazamiento-Humphree-camber-marine.png\" alt=\"Humphree Espa\u00f1a Caracter\u00edsticas\" width=\"68\" height=\"64\" \/><br \/>\n<span class=\"ventajas_titles\">Elimina el desplazamiento del ancla<\/span>[\/vc_column_text][\/vc_column][vc_column width=&#8221;1\/4&#8243;][vc_column_text]<\/p>\n<p style=\"text-align: center;\"><img loading=\"lazy\" decoding=\"async\" class=\"size-full wp-image-6329 aligncenter\" title=\"Humphree Espa\u00f1a Sistemas de Control de Embarcaciones\" src=\"\/wp-content\/uploads\/2021\/04\/icono-sistemas-control-camber-marine.png\" alt=\"Humphree Espa\u00f1a Sistemas de Control de Embarcaciones\" width=\"68\" height=\"64\" \/><br \/>\n<span class=\"ventajas_titles\">Sistemas de Control para todas las necesidades<\/span>[\/vc_column_text][\/vc_column][\/vc_row][vc_row row_type=&#8221;row_full_center_content&#8221;][vc_column width=&#8221;1\/2&#8243;][vc_column_text]<\/p>\n<div class=\"div_somos\">\n<h2><strong>Humphree Espa\u00f1a, <\/strong><strong>Productos<\/strong><strong>:<\/strong><\/h2>\n<\/div>\n<p>[\/vc_column_text][\/vc_column][vc_column width=&#8221;1\/2&#8243;][vc_column_text]Los estabilizadores <span style=\"color: #1854b2;\"><strong><a style=\"color: #1854b2;\" href=\"https:\/\/humphree.com\/\" target=\"_blank\" rel=\"noopener noreferrer\">Humphree<\/a><\/strong><\/span> son los responsables de una comodidad y un rendimiento inigualable en el mar. Descubra m\u00e1s sobre los productos Humphree, sus funciones y las referencias de Camber Marine en todo el mundo.[\/vc_column_text][\/vc_column][\/vc_row][vc_row row_id=&#8221;sub-cat&#8221;][vc_column width=&#8221;1\/3&#8243;][vc_raw_html]JTNDZGl2JTIwY2xhc3MlM0QlMjJzdWItY2F0LWdsb2JhbCUyMiUzRSUwQSUzQ2ElMjBocmVmJTNEJTIyaHR0cHMlM0ElMkYlMkZjYW1iZXJtYXJpbmUuY29tJTJGaW50ZXJjZXB0b3Jlcy1odW1waHJlZSUyRiUyMiUyMGNsYXNzJTNEJTIyc3ViLWNhdC1saW5rJTIyJTNFJTBBJTNDZGl2JTIwY2xhc3MlM0QlMjJzdWItY2F0LWNvbnRlbnQlMjIlMjBzdHlsZSUzRCUyMmJhY2tncm91bmQtaW1hZ2UlM0ElMjB1cmwlMjhodHRwcyUzQSUyRiUyRmNhbWJlcm1hcmluZS5jb20lMkZ3cC1jb250ZW50JTJGdXBsb2FkcyUyRjIwMjMlMkYxMiUyRjEtNC5wbmclMjklMjAlMjFpbXBvcnRhbnQlM0IlMjIlM0UlMEElM0NoMyUyMGNsYXNzJTNEJTIyc3ViLWNhdC10ZXh0JTIyJTIwc3R5bGUlM0QlMjJjb2xvciUzQXdoaXRlJTIyJTNFJTBBJTNDc3Ryb25nJTNFSW50ZXJjZXB0b3JlcyUzQyUyRnN0cm9uZyUzRSUwQSUzQyUyRmgzJTNFJTBBJTNDJTJGZGl2JTNFJTBBJTNDJTJGYSUzRSUwQSUzQyUyRmRpdiUzRQ==[\/vc_raw_html][\/vc_column][vc_column width=&#8221;1\/3&#8243;][vc_raw_html]JTNDZGl2JTIwY2xhc3MlM0QlMjJzdWItY2F0LWdsb2JhbCUyMiUzRSUwQSUzQ2ElMjBocmVmJTNEJTIyaHR0cHMlM0ElMkYlMkZjYW1iZXJtYXJpbmUuY29tJTJGYWxldGFzLWh1bXBocmUlMkYlMjIlMjBjbGFzcyUzRCUyMnN1Yi1jYXQtbGluayUyMiUzRSUwQSUzQ2RpdiUyMGNsYXNzJTNEJTIyc3ViLWNhdC1jb250ZW50JTIyJTIwc3R5bGUlM0QlMjJiYWNrZ3JvdW5kLWltYWdlJTNBJTIwdXJsJTI4aHR0cHMlM0ElMkYlMkZjYW1iZXJtYXJpbmUuY29tJTJGd3AtY29udGVudCUyRnVwbG9hZHMlMkYyMDIzJTJGMTIlMkYzLTEucG5nJTI5JTIwJTIxaW1wb3J0YW50JTNCJTIyJTNFJTBBJTNDaDMlMjBjbGFzcyUzRCUyMnN1Yi1jYXQtdGV4dCUyMiUyMHN0eWxlJTNEJTIyY29sb3IlM0F3aGl0ZSUyMiUzRSUwQSUzQ3N0cm9uZyUzRUFsZXRhcyUzQyUyRnN0cm9uZyUzRSUwQSUzQyUyRmgzJTNFJTBBJTNDJTJGZGl2JTNFJTBBJTNDJTJGYSUzRSUwQSUzQyUyRmRpdiUzRQ==[\/vc_raw_html][\/vc_column][vc_column width=&#8221;1\/3&#8243;][vc_raw_html]JTNDZGl2JTIwY2xhc3MlM0QlMjJzdWItY2F0LWdsb2JhbCUyMiUzRSUwQSUzQ2ElMjBocmVmJTNEJTIyaHR0cHMlM0ElMkYlMkZjYW1iZXJtYXJpbmUuY29tJTJGZnVuY2lvbmVzLWh1bXBocmVlJTJGJTIyJTIwY2xhc3MlM0QlMjJzdWItY2F0LWxpbmslMjIlM0UlMEElM0NkaXYlMjBjbGFzcyUzRCUyMnN1Yi1jYXQtY29udGVudCUyMiUyMHN0eWxlJTNEJTIyYmFja2dyb3VuZC1pbWFnZSUzQSUyMHVybCUyOGh0dHBzJTNBJTJGJTJGY2FtYmVybWFyaW5lLmNvbSUyRndwLWNvbnRlbnQlMkZ1cGxvYWRzJTJGMjAyMyUyRjEyJTJGMi0xLnBuZyUyOSUyMCUyMWltcG9ydGFudCUzQiUyMiUzRSUwQSUzQ2gzJTIwY2xhc3MlM0QlMjJzdWItY2F0LXRleHQlMjIlMjBzdHlsZSUzRCUyMmNvbG9yJTNBd2hpdGUlMjIlM0UlMEElM0NzdHJvbmclM0VGdW5jaW9uZXMlM0MlMkZzdHJvbmclM0UlMEElM0MlMkZoMyUzRSUwQSUzQyUyRmRpdiUzRSUwQSUzQyUyRmElM0UlMEElM0MlMkZkaXYlM0U=[\/vc_raw_html][\/vc_column][\/vc_row][vc_row row_type=&#8221;row_full_center_content&#8221; class=&#8221;block_cont-seo&#8221;][vc_column][vc_column_text]<\/p>\n<div class=\"div_somos\">\n<h2><strong>Camber Marine y Humphree<\/strong><\/h2>\n<\/div>\n<div class=\"underline_dist\"><\/div>\n<p>[\/vc_column_text][vc_row_inner][vc_column_inner el_class=&#8221;text_prop-contenidoseo&#8221; width=&#8221;1\/2&#8243;][vc_column_text]<\/p>\n<h3><strong>Partners desde 2010<\/strong><\/h3>\n<p>Humphree empez\u00f3 en 2002 en Suecia con la misi\u00f3n de proporcionar y desarrollar productos y servicios innovadores. R\u00e1pidamente se convirtieron en la mejor empresa de estabilizadores para embarcaciones gracias a sus conocimientos en hidrodin\u00e1nimca, electr\u00f3nica y control digital en productos y servicios f\u00e1ciles de usar e instalar.<\/p>\n<p>Fue en 2010, cuando debido a la necesidad del mercado y a la calidad y eficiencia de sus productos, en Camber Marine decidimos empezar a trabajar con ellos. Desde el inicio somos distribuidores oficiales de Humphree en Espa\u00f1a y seguimos en constante formaci\u00f3n. Y si lo necesita, tambi\u00e9n nos desplazamos hasta donde usted necesite para instalarle los mejores estabilizadores del mercado.[\/vc_column_text][vc_empty_space height=&#8221;40&#8243;][vc_single_image image=&#8221;11859&#8243; img_size=&#8221;300&#215;79&#8243; alignment=&#8221;center&#8221;][\/vc_column_inner][vc_column_inner el_class=&#8221;text_prop-contenidoseo&#8221; width=&#8221;1\/2&#8243;][vc_column_text]<\/p>\n<h3><strong>\u00bfTodav\u00eda no conoce las funciones de Humphree?<\/strong><\/h3>\n<p>Los estabilizadores Humphree permiten una amplia gama de funciones para vivir la experiencia perfecta en el mar. \u00bfTodav\u00eda no las conoce?<\/p>\n<ul>\n<li style=\"list-style-type: none;\">\n<ul>\n<li>Automatic Trim Control: corrige el \u00e1ngulo de trimado bajando la proa del barco y mejorando as\u00ed su eficiencia.<\/li>\n<li>Automatic List Control: corrige la escora del barco en cada momento.<\/li>\n<li>Coordinated Trun Control: giros m\u00e1s cerrados con mayor velocidad y comodidad.<\/li>\n<li>Active Stabilization: elimina el mareo y la fatiga.<\/li>\n<li>Stabilising Fins: reduce el balanceo y cabeceo, instalados habitualmente en embarcaciones comerciales.<\/li>\n<li>Fins Zero Speed: proporcionan estabilizaci\u00f3n a todas las velocidades, tanto en fondeo como navegando hasta 40 nudos.<\/li>\n<li>Steering Interceptors: ayudan con el giro ahorrando as\u00ed en combustible e incrementando la eficiencia del sistema de propulsi\u00f3n (destacado su uso con waterjets).<\/li>\n<\/ul>\n<\/li>\n<\/ul>\n<p>[\/vc_column_text][\/vc_column_inner][\/vc_row_inner][\/vc_column][\/vc_row][vc_row class=&#8221;block_masinfo&#8221;][vc_column css=&#8221;.vc_custom_1617696274373{background-color: #919296 !important;}&#8221;][vc_column_text el_class=&#8221;text_moreinfo&#8221;]<\/p>\n<p style=\"text-align: center;\"><span style=\"color: #ffffff;\">Y si desea instalar los productos Humphree en su embarcaci\u00f3n,<br \/>\nno dude en contactar con Camber Marine<\/span><br \/>\n<span style=\"color: #ffffff;\">Nos desplazamos hasta donde se encuentre su embarcaci\u00f3n<\/span><\/p>\n<p><img loading=\"lazy\" decoding=\"async\" class=\" wp-image-5796 aligncenter\" title=\"humphree white2\" src=\"\/wp-content\/uploads\/2021\/01\/humphree-white2-300x58.png\" alt=\"humphree Logo white\" width=\"314\" height=\"61\" \/>[\/vc_column_text][vc_btn title=&#8221;+ INFORMACI\u00d3N&#8221; style=&#8221;classic&#8221; shape=&#8221;square&#8221; size=&#8221;lg&#8221; align=&#8221;center&#8221; el_class=&#8221;boton_moreinfo&#8221; link=&#8221;url:https%3A%2F%2Fcambermarine.com%2Fen%2Fcontact-with-camber-marine%2F|target:_blank|&#8221;][vc_empty_space height=&#8221;20px&#8221;][\/vc_column][\/vc_row]<\/p>\n<\/div>","protected":false},"excerpt":{"rendered":"<p>[vc_row][vc_column][vc_raw_html css=&#8221;&#8221;]JTNDZGl2JTIwY2xhc3MlM0QlMjJia2ctZ2xvYmFsJTIyJTIwc3R5bGUlM0QlMjJiYWNrZ3JvdW5kLWltYWdlJTNBbGluZWFyLWdyYWRpZW50JTI4MTgwZGVnJTJDJTIwJTIzMDAwMDAwMzAlMkMlMjB0cmFuc3BhcmVudCUyOSUyQyUyMHVybCUyOGh0dHBzJTNBJTJGJTJGY2FtYmVybWFyaW5lLmNvbSUyRndwLWNvbnRlbnQlMkZ1cGxvYWRzJTJGMjAyNSUyRjA3JTJGTWFuZ3VzdGEtMTMwLUJlYWNoaG91c2UtZTE3NTMwODgzNzcyNDMuanBnJTI5JTNCJTIwYmFja2dyb3VuZC1wb3NpdGlvbi15JTNBYm90dG9tJTNCJTIyJTNFJTBBJTNDZGl2JTIwY2xhc3MlM0QlMjJia2ctY29udGVudCUyMiUzRSUwQSUzQ2ltZyUyMGxvYWRpbmclM0QlMjJsYXp5JTIyJTIwY2xhc3MlM0QlMjJzaXplLW1lZGl1bSUyMHdwLWltYWdlLTU3OTMlMjBhbGlnbmxlZnQlMjIlMjB0aXRsZSUzRCUyMmh1bXBocmVlJTIwd2hpdGUlMjIlMjBzcmMlM0QlMjIlMkZ3cC1jb250ZW50JTJGdXBsb2FkcyUyRjIwMjElMkYwNCUyRmh1bXBocmVlLWxvZ28tcGFnZS1jYW1iZXItbWFyaW5lLnBuZyUyMiUyMGFsdCUzRCUyMmh1bXBocmVlJTIwZXN0YWJpbGl6YWRvcmVzJTIwbmF1dGljb3MlMkMlMjBjYW1iZXIlMjBtYXJpbmUlMjIlMjB3aWR0aCUzRCUyMjE2MiUyMiUyMGhlaWdodCUzRCUyMjY3JTIyJTNFJTBBJTNDaDElMjBjbGFzcyUzRCUyMmJrZy10aXRsZSUyMiUzRUh1bXBocmVlJTIwRXNwYSVDMyVCMWElM0ElM0MlMkZiciUzRUVsJTIwbWVqb3IlMjBlc3RhYmlsaXphZG9yJTIwZW4lMjBlbCUyMG1hciUzQyUyRmgxJTNFJTBBJTNDJTJGZGl2JTNFJTBBJTNDJTJGZGl2JTNF[\/vc_raw_html][\/vc_column][\/vc_row][vc_row row_type=&#8221;row_full_center_content&#8221; bg_color=&#8221;#4e4f53&#8243; class=&#8221;block_deschump&#8221;][vc_column width=&#8221;1\/2&#8243;][vc_column_text] Distribuidores oficiales de Humphree en Espa\u00f1a [\/vc_column_text][vc_column_text]En Camber Marine somos el Distribuidor Oficial Autorizado de &#8230;<\/p>\n","protected":false},"author":4,"featured_media":0,"parent":0,"menu_order":0,"comment_status":"closed","ping_status":"closed","template":"","meta":{"footnotes":""},"class_list":["post-9399","page","type-page","status-publish","hentry"],"_links":{"self":[{"href":"https:\/\/cambermarine.com\/en\/wp-json\/wp\/v2\/pages\/9399","targetHints":{"allow":["GET"]}}],"collection":[{"href":"https:\/\/cambermarine.com\/en\/wp-json\/wp\/v2\/pages"}],"about":[{"href":"https:\/\/cambermarine.com\/en\/wp-json\/wp\/v2\/types\/page"}],"author":[{"embeddable":true,"href":"https:\/\/cambermarine.com\/en\/wp-json\/wp\/v2\/users\/4"}],"replies":[{"embeddable":true,"href":"https:\/\/cambermarine.com\/en\/wp-json\/wp\/v2\/comments?post=9399"}],"version-history":[{"count":30,"href":"https:\/\/cambermarine.com\/en\/wp-json\/wp\/v2\/pages\/9399\/revisions"}],"predecessor-version":[{"id":15846,"href":"https:\/\/cambermarine.com\/en\/wp-json\/wp\/v2\/pages\/9399\/revisions\/15846"}],"wp:attachment":[{"href":"https:\/\/cambermarine.com\/en\/wp-json\/wp\/v2\/media?parent=9399"}],"curies":[{"name":"wp","href":"https:\/\/api.w.org\/{rel}","templated":true}]}}