{"id":9415,"date":"2020-12-29T10:00:07","date_gmt":"2020-12-29T10:00:07","guid":{"rendered":"https:\/\/cambermarine.com\/volvo-penta-mallorca\/"},"modified":"2025-07-08T11:27:03","modified_gmt":"2025-07-08T09:27:03","slug":"volvo-penta-mallorca","status":"publish","type":"page","link":"https:\/\/cambermarine.com\/en\/volvo-penta-mallorca\/","title":{"rendered":"Volvo Penta"},"content":{"rendered":"<div class=\"wpb-content-wrapper\"><p>[vc_row][vc_column][vc_raw_html css=&#8221;&#8221;]JTNDYSUyMGhyZWYlM0QlMjJodHRwcyUzQSUyRiUyRnd3dy52b2x2b3BlbnRhLmNvbSUyRnNob3AlMkY1MjM4NTQlM0Z1dG1fc291cmNlJTNEc3BhaW4lMjZ1dG1fbWVkaXVtJTNEc29jaWFsJTI2dXRtX2NhbXBhaWduJTNEdnAtZ2xvYmFsLWRvLWFvLWNvbnZlcnNpb24tZWNvbS1kZWFsZXIlMjIlM0UlM0NkaXYlMjBjbGFzcyUzRCUyMmJrZy1nbG9iYWwlMjBwZW50YS1jdXN0b20lMjIlMjBzdHlsZSUzRCUyMmJhY2tncm91bmQtaW1hZ2UlM0ElMjB1cmwlMjhodHRwcyUzQSUyRiUyRmNhbWJlcm1hcmluZS5jb20lMkZ3cC1jb250ZW50JTJGdXBsb2FkcyUyRjIwMjUlMkYwNyUyRlNlcnZpY2lvcy1jYW1iZXItd2ViLTQtc2NhbGVkLnBuZyUyOSUzQiUyMiUzRSUwQSUzQ2RpdiUyMGNsYXNzJTNEJTIyYmtnLWNvbnRlbnQlMjIlM0UlMEElMEElM0MlMkZkaXYlM0UlMEElM0MlMkZkaXYlM0UlM0MlMkZhJTNF[\/vc_raw_html][\/vc_column][\/vc_row][vc_row row_type=&#8221;row_full_center_content&#8221; bg_color=&#8221;#4d4e53&#8243; class=&#8221;block_deschump&#8221;][vc_column width=&#8221;1\/2&#8243;][vc_column_text css=&#8221;&#8221; el_class=&#8221;mobile_title&#8221;]<\/p>\n<div class=\"div_somos\">\n<h1><span style=\"color: #ffffff;\"><strong>Distribuidor oficial<br \/>\nde Volvo Penta en<br \/>\nBaleares<\/strong><\/span><\/h1>\n<div class=\"underline_dist\"><\/div>\n<\/div>\n<p>[\/vc_column_text][vc_column_text el_class=&#8221;text_propspeed_white&#8221;]<span style=\"color: #ffffff;\">En Camber Marine apostamos por los mejores motores del mercado desde hace m\u00e1s de 35 a\u00f1os, los<a style=\"color: #ffffff;\" href=\"https:\/\/www.volvopenta.com\/\" target=\"_blank\" rel=\"noopener noreferrer\"><strong> motores marinos Volvo Penta<\/strong><\/a>. Estos representan la perfecta combinaci\u00f3n entre fuerza y versatilidad y proporcionan un rendimiento duradero y fiable. No importa qu\u00e9 tipo de embarcaci\u00f3n tenga, contamos con una amplia gama de motores marinos que le garantizar\u00e1n una conducci\u00f3n segura y una eficiencia en el mar que no habr\u00e1 experimentado antes.<\/span>[\/vc_column_text][vc_empty_space height=&#8221;0px&#8221;][\/vc_column][vc_column width=&#8221;1\/2&#8243;][vc_single_image image=&#8221;15772&#8243; img_size=&#8221;649&#215;332&#8243; css=&#8221;&#8221;][\/vc_column][\/vc_row][vc_row row_type=&#8221;row_full_center_content&#8221; class=&#8221;block_deschump&#8221;][vc_column width=&#8221;1\/2&#8243;][vc_column_text css=&#8221;&#8221;]<\/p>\n<div class=\"div_somos\">\n<h2><strong>Su Marine Dealer en Baleares<\/strong><\/h2>\n<div class=\"underline_dist\"><\/div>\n<\/div>\n<p>[\/vc_column_text][vc_column_text css=&#8221;&#8221; el_class=&#8221;texto-mobile-volvo&#8221;]Camber Marine es <strong>Volvo Penta Dealer en Mallorca<\/strong> desde el 2008. Actualmente, somos distribuidores oficiales de Volvo Penta en las Islas Baleares. Nos encargamos de la venta de <strong>motores marinos<\/strong> y <strong>recambios Volvo Penta\u00a0<\/strong>nuevos y de segunda mano, ya sean de recreo, comerciales e industriales, y de todos los recambios y accesorios Volvo Penta que existen. Tambi\u00e9n <strong>ofrecemos servicio t\u00e9cnico<\/strong> gracias a nuestros agentes certificados en las \u00faltimas tecnolog\u00edas y metodolog\u00edas de la marca.<\/p>\n<p>En Camber Marine sabemos reconocer qu\u00e9 motor le conviene a su embarcaci\u00f3n, facilitarle una eficiente asistencia y proporcionarle un<strong> asesoramiento y servicio t\u00e9cnico certificado<\/strong>, siempre con <strong>recambios Volvo Penta<\/strong> originales.[\/vc_column_text][vc_btn title=&#8221;ECOM 2.0&#8243; style=&#8221;3d&#8221; size=&#8221;lg&#8221; css_animation=&#8221;bounceIn&#8221; el_class=&#8221;text_titlehump boton_slidehump&#8221; link=&#8221;url:https%3A%2F%2Fwww.volvopenta.com%2Fshop%2F523854%3Futm_source%3Dspain%26utm_medium%3Dsocial%26utm_campaign%3Dvp-global-do-ao-conversion-ecom-dealer|target:_blank|&#8221;][\/vc_column][vc_column width=&#8221;1\/2&#8243;][vc_empty_space height=&#8221;30px&#8221;][vc_single_image image=&#8221;6828&#8243; img_size=&#8221;681&#215;482&#8243;][\/vc_column][\/vc_row][vc_row row_type=&#8221;row_full_center_content&#8221; bg_color=&#8221;#4d4e53&#8243; class=&#8221;block_deschump volvo_ventajas&#8221;][vc_column][vc_column_text]<\/p>\n<div class=\"div_somos-white\">\n<h2><strong>Ventajas de nuestro Volvo Penta Dealer<\/strong><\/h2>\n<\/div>\n<div class=\"underline_dist\"><\/div>\n<p>[\/vc_column_text][vc_empty_space height=&#8221;&#8221;][\/vc_column][vc_column width=&#8221;1\/4&#8243;][vc_column_text]<\/p>\n<p style=\"text-align: center;\"><img loading=\"lazy\" decoding=\"async\" class=\"size-full wp-image-6329 aligncenter\" title=\"mayor autonomia volvo penta camber marine\" src=\"\/wp-content\/uploads\/2021\/08\/recambios-stock-48-h-volvo-penta-camber-marine-mallorca.png\" alt=\"Recambios en Stock o menos de 48 hrs su direcci\u00f3n preferida\" width=\"68\" height=\"64\" \/><span class=\"ventajas_titles\"><br \/>\nRecambios en Stock o menos de 48 hrs su direcci\u00f3n preferida<\/span>[\/vc_column_text][vc_empty_space height=&#8221;0px&#8221;][\/vc_column][vc_column width=&#8221;1\/4&#8243;][vc_column_text]<\/p>\n<p style=\"text-align: center;\"><img loading=\"lazy\" decoding=\"async\" class=\"size-full wp-image-6329 aligncenter\" title=\"20% mas velocidad volvo penta camber marine\" src=\"\/wp-content\/uploads\/2021\/08\/garantia-volvopenta-camber-marine-mallorca.png\" alt=\"Garant\u00eda de 2 a\u00f1os para piezas originales\" width=\"68\" height=\"64\" \/><br \/>\n<span class=\"ventajas_titles\">Garant\u00eda de 2 a\u00f1os para piezas originales<\/span>[\/vc_column_text][\/vc_column][vc_column width=&#8221;1\/4&#8243;][vc_column_text]<\/p>\n<p style=\"text-align: center;\"><img loading=\"lazy\" decoding=\"async\" class=\"size-full wp-image-6329 aligncenter\" title=\"servicio asistencia 24h volvo penta camber marine\" src=\"\/wp-content\/uploads\/2021\/08\/asistencia-24-h-volvo-penta-camber-marine-mallorca.png\" alt=\"Volvo Penta Action Service: Asistencia 24h en todo el mundo\" width=\"68\" height=\"64\" \/><br \/>\n<span class=\"ventajas_titles\">Volvo Penta Action Service: Asistencia 24h en todo el mundo<\/span>[\/vc_column_text][\/vc_column][vc_column width=&#8221;1\/4&#8243;][vc_column_text]<\/p>\n<p style=\"text-align: center;\"><img loading=\"lazy\" decoding=\"async\" class=\"size-full wp-image-6329 aligncenter\" title=\"menos emisiones co2 volvo penta camber marine\" src=\"\/wp-content\/uploads\/2021\/08\/compromiso-ecologico-Volvo-Penta-Camber-Marine-mallorca.png\" alt=\"Volvo Penta, compromiso con el mar y la ecologia\" width=\"68\" height=\"64\" \/><span class=\"ventajas_titles\"><br \/>\nCompromiso ecol\u00f3gico de Volvo Penta<\/span>[\/vc_column_text][\/vc_column][\/vc_row][vc_row row_type=&#8221;row_full_center_content&#8221;][vc_column width=&#8221;1\/2&#8243;][vc_column_text]<\/p>\n<div class=\"div_somos\">\n<h2><strong>Productos <\/strong><\/h2>\n<\/div>\n<div class=\"underline_dist\"><\/div>\n<p>[\/vc_column_text][vc_empty_space height=&#8221;0px&#8221;][\/vc_column][vc_column width=&#8221;1\/2&#8243;][vc_column_text]Todos los <strong>recambios Volvo Penta<\/strong> que existen los podr\u00e1 encontrar en Camber Marine; desde recambios para todo tipo de <strong>motores marinos<\/strong> hasta una amplia selecci\u00f3n de accesorios como h\u00e9lices y sistemas de direcci\u00f3n. Tambi\u00e9n encontrar\u00e1 una amplia selecci\u00f3n de <strong>motores marinos Volvo Penta de segunda mano.<\/strong>[\/vc_column_text][\/vc_column][\/vc_row][vc_row row_id=&#8221;sub-cat&#8221;][vc_column width=&#8221;1\/2&#8243;][vc_raw_html]JTNDZGl2JTIwY2xhc3MlM0QlMjJzdWItY2F0LWdsb2JhbCUyMiUzRSUwQSUzQ2ElMjBocmVmJTNEJTIyaHR0cHMlM0ElMkYlMkZ3d3cudm9sdm9wZW50YS5jb20lMkZzaG9wJTIyJTIwY2xhc3MlM0QlMjJzdWItY2F0LWxpbmslMjIlM0UlMEElM0NkaXYlMjBjbGFzcyUzRCUyMnN1Yi1jYXQtY29udGVudCUyMiUyMHN0eWxlJTNEJTIyYmFja2dyb3VuZC1pbWFnZSUzQSUyMHVybCUyOGh0dHBzJTNBJTJGJTJGY2FtYmVybWFyaW5lLmNvbSUyRndwLWNvbnRlbnQlMkZ1cGxvYWRzJTJGMjAyMyUyRjEyJTJGMS01LnBuZyUyOSUyMCUyMWltcG9ydGFudCUzQiUyMiUzRSUwQSUzQ2gzJTIwY2xhc3MlM0QlMjJzdWItY2F0LXRleHQlMjIlMjBzdHlsZSUzRCUyMmNvbG9yJTNBd2hpdGUlMjIlM0UlMEElM0NzdHJvbmclM0VSRUNBTUJJT1MlM0MlMkZzdHJvbmclM0UlMEElM0MlMkZoMyUzRSUwQSUzQyUyRmRpdiUzRSUwQSUzQyUyRmElM0UlMEElM0MlMkZkaXYlM0U=[\/vc_raw_html][\/vc_column][vc_column width=&#8221;1\/2&#8243;][vc_raw_html]JTNDZGl2JTIwY2xhc3MlM0QlMjJzdWItY2F0LWdsb2JhbCUyMiUzRSUwQSUzQ2ElMjBocmVmJTNEJTIyaHR0cHMlM0ElMkYlMkZ3d3cuY2FtYmVybWFyaW5lc2VndW5kYW1hbm8uY29tJTJGJTIyJTIwY2xhc3MlM0QlMjJzdWItY2F0LWxpbmslMjIlM0UlMEElM0NkaXYlMjBjbGFzcyUzRCUyMnN1Yi1jYXQtY29udGVudCUyMiUyMHN0eWxlJTNEJTIyYmFja2dyb3VuZC1pbWFnZSUzQSUyMHVybCUyOGh0dHBzJTNBJTJGJTJGY2FtYmVybWFyaW5lLmNvbSUyRndwLWNvbnRlbnQlMkZ1cGxvYWRzJTJGMjAyMyUyRjEyJTJGVm9sdm8td2ViLTIucG5nJTI5JTIwJTIxaW1wb3J0YW50JTNCJTIyJTNFJTBBJTNDaDMlMjBjbGFzcyUzRCUyMnN1Yi1jYXQtdGV4dCUyMiUyMHN0eWxlJTNEJTIyY29sb3IlM0F3aGl0ZSUyMiUzRSUwQSUzQ3N0cm9uZyUzRVNFR1VOREElMjBNQU5PJTNDJTJGc3Ryb25nJTNFJTBBJTNDJTJGaDMlM0UlMEElM0MlMkZkaXYlM0UlMEElM0MlMkZhJTNFJTBBJTNDJTJGZGl2JTNF[\/vc_raw_html][\/vc_column][\/vc_row][vc_row row_type=&#8221;row_full_center_content&#8221; class=&#8221;block_cont-seo&#8221;][vc_column][vc_column_text]<\/p>\n<div class=\"div_somos\">\n<h2><strong>Distribuidor oficial Volvo Penta en Mallorca<\/strong><\/h2>\n<\/div>\n<div class=\"underline_dist\"><\/div>\n<p>[\/vc_column_text][vc_row_inner][vc_column_inner el_class=&#8221;text_prop-contenidoseo&#8221; width=&#8221;1\/2&#8243;][vc_column_text css=&#8221;&#8221;]<strong>Volvo Penta &amp; Camber Marine<\/strong><\/p>\n<p>Nuestra relaci\u00f3n con Volvo Penta se remonta a 1985. En aquel entonces Camber Marine todav\u00eda no exist\u00eda como tal, pero s\u00ed su alma mater, <strong>Eduardo Camacho.<\/strong> Este mismo a\u00f1o Camacho empez\u00f3 a trabajar con Volvo Penta y, gracias a su gran trabajo, en 2005 consigui\u00f3 el premio del mejor VPS de Espa\u00f1a.<\/p>\n<p><strong>Sus a\u00f1os de experiencia en el sector n\u00e1utico le llevaron a fundar su propia empresa, Camber Marine<\/strong> en 2006. Y, debido a la gran calidad y las altas prestaciones que ofrece Volvo Penta, Camacho decidi\u00f3 seguir trabajando con la marca. As\u00ed fue como <strong>en 2008 Camber Marine se convirti\u00f3 en Volvo Penta Center\u00a0<\/strong>de Mallorca y Menorca.<\/p>\n<p>A d\u00eda de hoy,\u00a0 Camber Marine es considerado\u00a0<strong>Marine Dealer\u00a0<\/strong>para las Islas Baleares.[\/vc_column_text][\/vc_column_inner][vc_column_inner el_class=&#8221;text_prop-contenidoseo&#8221; width=&#8221;1\/2&#8243;][vc_column_text]<strong>Garant\u00eda Volvo Penta<\/strong><\/p>\n<p>Desde Camber Marine no solo nos limitamos a subministrar recambios personalizados para su motor, tambi\u00e9n le ofrecemos una amplia cobertura de garant\u00eda para que disfrute de la m\u00e1xima calidad.<\/p>\n<p>Todos los accesorios y recambios originales Volvo Penta (excepto el desgaste por uso) suministrados en un<span style=\"color: #333333;\"> <a style=\"color: #333333;\" href=\"https:\/\/cambermarine.com\/camber-marine\/camber-marine-experiences\" target=\"_blank\" rel=\"noopener noreferrer\"><strong>distribuidor Oficial Volvo Penta<\/strong>,<\/a> <\/span>como es Camber Marine, incluyen de serie una garant\u00eda de 12 meses. Y, si los recambios se instalan en nuestras infraestructuras, la garant\u00eda se duplica a 24 meses incluida la mano de obra.[\/vc_column_text][\/vc_column_inner][\/vc_row_inner][\/vc_column][\/vc_row]<\/p>\n<\/div>","protected":false},"excerpt":{"rendered":"<p>[vc_row][vc_column][vc_raw_html css=&#8221;&#8221;]JTNDYSUyMGhyZWYlM0QlMjJodHRwcyUzQSUyRiUyRnd3dy52b2x2b3BlbnRhLmNvbSUyRnNob3AlMkY1MjM4NTQlM0Z1dG1fc291cmNlJTNEc3BhaW4lMjZ1dG1fbWVkaXVtJTNEc29jaWFsJTI2dXRtX2NhbXBhaWduJTNEdnAtZ2xvYmFsLWRvLWFvLWNvbnZlcnNpb24tZWNvbS1kZWFsZXIlMjIlM0UlM0NkaXYlMjBjbGFzcyUzRCUyMmJrZy1nbG9iYWwlMjBwZW50YS1jdXN0b20lMjIlMjBzdHlsZSUzRCUyMmJhY2tncm91bmQtaW1hZ2UlM0ElMjB1cmwlMjhodHRwcyUzQSUyRiUyRmNhbWJlcm1hcmluZS5jb20lMkZ3cC1jb250ZW50JTJGdXBsb2FkcyUyRjIwMjUlMkYwNyUyRlNlcnZpY2lvcy1jYW1iZXItd2ViLTQtc2NhbGVkLnBuZyUyOSUzQiUyMiUzRSUwQSUzQ2RpdiUyMGNsYXNzJTNEJTIyYmtnLWNvbnRlbnQlMjIlM0UlMEElMEElM0MlMkZkaXYlM0UlMEElM0MlMkZkaXYlM0UlM0MlMkZhJTNF[\/vc_raw_html][\/vc_column][\/vc_row][vc_row row_type=&#8221;row_full_center_content&#8221; bg_color=&#8221;#4d4e53&#8243; class=&#8221;block_deschump&#8221;][vc_column width=&#8221;1\/2&#8243;][vc_column_text css=&#8221;&#8221; el_class=&#8221;mobile_title&#8221;] Distribuidor oficial de Volvo Penta en Baleares [\/vc_column_text][vc_column_text el_class=&#8221;text_propspeed_white&#8221;]En Camber Marine apostamos por &#8230;<\/p>\n","protected":false},"author":4,"featured_media":0,"parent":0,"menu_order":0,"comment_status":"closed","ping_status":"closed","template":"","meta":{"footnotes":""},"class_list":["post-9415","page","type-page","status-publish","hentry"],"_links":{"self":[{"href":"https:\/\/cambermarine.com\/en\/wp-json\/wp\/v2\/pages\/9415","targetHints":{"allow":["GET"]}}],"collection":[{"href":"https:\/\/cambermarine.com\/en\/wp-json\/wp\/v2\/pages"}],"about":[{"href":"https:\/\/cambermarine.com\/en\/wp-json\/wp\/v2\/types\/page"}],"author":[{"embeddable":true,"href":"https:\/\/cambermarine.com\/en\/wp-json\/wp\/v2\/users\/4"}],"replies":[{"embeddable":true,"href":"https:\/\/cambermarine.com\/en\/wp-json\/wp\/v2\/comments?post=9415"}],"version-history":[{"count":43,"href":"https:\/\/cambermarine.com\/en\/wp-json\/wp\/v2\/pages\/9415\/revisions"}],"predecessor-version":[{"id":15818,"href":"https:\/\/cambermarine.com\/en\/wp-json\/wp\/v2\/pages\/9415\/revisions\/15818"}],"wp:attachment":[{"href":"https:\/\/cambermarine.com\/en\/wp-json\/wp\/v2\/media?parent=9415"}],"curies":[{"name":"wp","href":"https:\/\/api.w.org\/{rel}","templated":true}]}}